{"id":2957,"date":"2022-06-27T12:36:15","date_gmt":"2022-06-27T10:36:15","guid":{"rendered":"https:\/\/castrocomposites.com\/aviso-legal-copy\/"},"modified":"2022-07-27T14:55:02","modified_gmt":"2022-07-27T12:55:02","slug":"quality","status":"publish","type":"page","link":"https:\/\/castrocomposites.com\/en\/calidad\/","title":{"rendered":"Calidad"},"content":{"rendered":"<div data-elementor-type=\"wp-page\" data-elementor-id=\"2957\" class=\"elementor elementor-2957\" data-elementor-post-type=\"page\">\n\t\t\t\t\t\t<section class=\"elementor-section elementor-top-section elementor-element elementor-element-f81f2a6 elementor-section-boxed elementor-section-height-default elementor-section-height-default\" data-id=\"f81f2a6\" data-element_type=\"section\" data-e-type=\"section\">\n\t\t\t\t\t\t<div class=\"elementor-container elementor-column-gap-default\">\n\t\t\t\t\t<div class=\"elementor-column elementor-col-100 elementor-top-column elementor-element elementor-element-742e04a\" data-id=\"742e04a\" data-element_type=\"column\" data-e-type=\"column\">\n\t\t\t<div class=\"elementor-widget-wrap elementor-element-populated\">\n\t\t\t\t\t\t<div class=\"elementor-element elementor-element-312d61d elementor-widget elementor-widget-text-editor\" data-id=\"312d61d\" data-element_type=\"widget\" data-e-type=\"widget\" data-widget_type=\"text-editor.default\">\n\t\t\t\t<div class=\"elementor-widget-container\">\n\t\t\t\t\t\t\t\t\t<p data-alt-style=\"line-height: 1.5; margin-bottom: 0.7em; text-align: justify;\"><span data-block=\"true\" data-alt-style=\"font-size: 15px; font-style: normal; text-decoration: none;\" data-original-font-size=\"15\">RESINAS CASTRO focuses its industrial activity on chemical products commercialisation. Aware of the high requirements demanded by its customers and the pressure of competition, the organization defines as its ultimate goal to increase the satisfaction of its current customers and demonstrate to potential customers the ability to offer a quality service that meets all their demands, the management of Resinas Castro, considers Quality, the priority factor in the exercise of its activity, under this purpose, RESINAS CASTRO has implemented a Quality Management System, under the referential UNE-EN ISO 9001:2015, based on the following principles:<\/span><\/p><p data-alt-style=\"line-height: 1.5; margin-bottom: 0.7em; text-align: justify;\"><span data-block=\"true\" data-alt-style=\"font-size: 15px; font-style: normal; font-weight: 400; text-decoration: none;\" data-original-font-size=\"15\">- To achieve the highest level of competitiveness and ensure that all our products and services meet the quality specifications agreed with customers.<\/span><\/p><p data-alt-style=\"line-height: 1.5; margin-bottom: 0.7em; text-align: justify;\"><span data-block=\"true\" data-alt-style=\"font-size: 15px; font-style: normal; font-weight: 400; text-decoration: none;\" data-original-font-size=\"15\">- To provide a fast and reliable response in all activities, from administrative to operational processes, in order to achieve customer satisfaction.<\/span><\/p><p data-alt-style=\"line-height: 1.5; margin-bottom: 0.7em; text-align: justify;\"><span data-block=\"true\" data-alt-style=\"font-size: 15px; font-style: normal; font-weight: 400; text-decoration: none;\" data-original-font-size=\"15\">- To enhance our employees training and motivation, in order to gradually improve the activities organisation, the products management and the services provided.<\/span><\/p><p data-alt-style=\"line-height: 1.5; margin-bottom: 0.7em; text-align: justify;\"><span data-block=\"true\" data-alt-style=\"font-size: 15px; font-style: normal; font-weight: 400; text-decoration: none;\" data-original-font-size=\"15\">- To assume, apply and enforce, the legislation in each of the fields in which RESINAS CASTRO carries out its activity.<\/span><\/p><p data-alt-style=\"line-height: 1.5; margin-bottom: 0.7em; text-align: justify;\"><span data-block=\"true\" data-alt-style=\"font-size: 15px; font-style: normal; font-weight: 400; text-decoration: none;\" data-original-font-size=\"15\">- Continuous commitment to improvement, defining actions, which are the key to providing our best response to each of our customers demands.<\/span><\/p><p data-alt-style=\"line-height: 1.5; margin-bottom: 0.7em; text-align: justify;\"><span data-block=\"true\" data-alt-style=\"font-size: 15px; font-style: normal; text-decoration: none;\" data-original-font-size=\"15\">In order to ensure the effective Quality Policy application, RESINAS CASTRO establishes annual objectives that are continuously monitored. This policy, which affects and is the responsibility of each and every one of the members of the organisation, is communicated to the entire company for its knowledge, understanding and compliance and is available to any person or entity that requests it.<\/span><\/p><p data-alt-style=\"line-height: 1.5; margin-bottom: 0.7em; text-align: justify;\"><span data-block=\"true\" data-alt-style=\"font-size: 15px; font-style: normal; text-decoration: none;\" data-original-font-size=\"15\">Approved and signed by Alejandro Castro de la Iglesia.<\/span><\/p><p data-alt-style=\"line-height: 1.5; margin-bottom: 0.7em; text-align: justify;\"><span data-block=\"true\" data-alt-style=\"font-size: 15px; font-style: normal; text-decoration: none;\" data-original-font-size=\"15\">Resinas Castro Manager 03\/01\/2019<\/span><\/p>\t\t\t\t\t\t\t\t<\/div>\n\t\t\t\t<\/div>\n\t\t\t\t\t<\/div>\n\t\t<\/div>\n\t\t\t\t\t<\/div>\n\t\t<\/section>\n\t\t\t\t<section class=\"elementor-section elementor-top-section elementor-element elementor-element-3af49aa elementor-section-boxed elementor-section-height-default elementor-section-height-default\" data-id=\"3af49aa\" data-element_type=\"section\" data-e-type=\"section\">\n\t\t\t\t\t\t<div class=\"elementor-container elementor-column-gap-default\">\n\t\t\t\t\t<div class=\"elementor-column elementor-col-50 elementor-top-column elementor-element elementor-element-0c66980\" data-id=\"0c66980\" data-element_type=\"column\" data-e-type=\"column\">\n\t\t\t<div class=\"elementor-widget-wrap elementor-element-populated\">\n\t\t\t\t\t\t<div class=\"elementor-element elementor-element-7ea7841 elementor-widget elementor-widget-image\" data-id=\"7ea7841\" data-element_type=\"widget\" data-e-type=\"widget\" data-widget_type=\"image.default\">\n\t\t\t\t<div class=\"elementor-widget-container\">\n\t\t\t\t\t\t\t\t\t\t\t\t\t\t\t\t<a href=\"https:\/\/castrocomposites.com\/wp-content\/uploads\/2022\/06\/1706_19_CERTIFICADO_ISO_9001_15_ESP-ID-cd41971f-6b6e-4c37-f1c6-865a10449ef9.pdf\">\n\t\t\t\t\t\t\t<img fetchpriority=\"high\" decoding=\"async\" width=\"300\" height=\"170\" src=\"https:\/\/castrocomposites.com\/wp-content\/uploads\/2022\/06\/image-ID-8afcb80e-92ed-470c-8d6a-e846037d1da3-300x170.png\" class=\"attachment-medium size-medium wp-image-2960\" alt=\"\" srcset=\"https:\/\/castrocomposites.com\/wp-content\/uploads\/2022\/06\/image-ID-8afcb80e-92ed-470c-8d6a-e846037d1da3-300x170.png 300w, https:\/\/castrocomposites.com\/wp-content\/uploads\/2022\/06\/image-ID-8afcb80e-92ed-470c-8d6a-e846037d1da3-18x10.png.webp 18w, https:\/\/castrocomposites.com\/wp-content\/uploads\/2022\/06\/image-ID-8afcb80e-92ed-470c-8d6a-e846037d1da3-600x340.png.webp 600w, https:\/\/castrocomposites.com\/wp-content\/uploads\/2022\/06\/image-ID-8afcb80e-92ed-470c-8d6a-e846037d1da3.png 733w\" sizes=\"(max-width: 300px) 100vw, 300px\" \/>\t\t\t\t\t\t\t\t<\/a>\n\t\t\t\t\t\t\t\t\t\t\t\t\t\t\t<\/div>\n\t\t\t\t<\/div>\n\t\t\t\t\t<\/div>\n\t\t<\/div>\n\t\t\t\t<div class=\"elementor-column elementor-col-50 elementor-top-column elementor-element elementor-element-99a7e95\" data-id=\"99a7e95\" data-element_type=\"column\" data-e-type=\"column\">\n\t\t\t<div class=\"elementor-widget-wrap\">\n\t\t\t\t\t\t\t<\/div>\n\t\t<\/div>\n\t\t\t\t\t<\/div>\n\t\t<\/section>\n\t\t\t\t<\/div>","protected":false},"excerpt":{"rendered":"<p>RESINAS CASTRO\u00a0centra su actividad industrial en la comercializaci\u00f3n de productos qu\u00edmicos. Conscientes de los altos requisitos que exigen sus clientes y de la presi\u00f3n de la competencia, la organizaci\u00f3n define como su objetivo final aumentar la satisfacci\u00f3n de sus clientes actuales y demostrar a los potenciales la capacidad de ofrecer un servicio de calidad que [&hellip;]<\/p>\n","protected":false},"author":1,"featured_media":0,"parent":0,"menu_order":0,"comment_status":"closed","ping_status":"closed","template":"elementor_header_footer","meta":{"site-sidebar-layout":"no-sidebar","site-content-layout":"plain-container","ast-site-content-layout":"default","site-content-style":"default","site-sidebar-style":"default","ast-global-header-display":"","ast-banner-title-visibility":"","ast-main-header-display":"","ast-hfb-above-header-display":"","ast-hfb-below-header-display":"","ast-hfb-mobile-header-display":"","site-post-title":"disabled","ast-breadcrumbs-content":"","ast-featured-img":"disabled","footer-sml-layout":"","ast-disable-related-posts":"","theme-transparent-header-meta":"","adv-header-id-meta":"","stick-header-meta":"","header-above-stick-meta":"","header-main-stick-meta":"","header-below-stick-meta":"","astra-migrate-meta-layouts":"default","ast-page-background-enabled":"default","ast-page-background-meta":{"desktop":{"background-color":"var(--ast-global-color-4)","background-image":"","background-repeat":"repeat","background-position":"center center","background-size":"auto","background-attachment":"scroll","background-type":"","background-media":"","overlay-type":"","overlay-color":"","overlay-opacity":"","overlay-gradient":""},"tablet":{"background-color":"","background-image":"","background-repeat":"repeat","background-position":"center center","background-size":"auto","background-attachment":"scroll","background-type":"","background-media":"","overlay-type":"","overlay-color":"","overlay-opacity":"","overlay-gradient":""},"mobile":{"background-color":"","background-image":"","background-repeat":"repeat","background-position":"center center","background-size":"auto","background-attachment":"scroll","background-type":"","background-media":"","overlay-type":"","overlay-color":"","overlay-opacity":"","overlay-gradient":""}},"ast-content-background-meta":{"desktop":{"background-color":"var(--ast-global-color-5)","background-image":"","background-repeat":"repeat","background-position":"center center","background-size":"auto","background-attachment":"scroll","background-type":"","background-media":"","overlay-type":"","overlay-color":"","overlay-opacity":"","overlay-gradient":""},"tablet":{"background-color":"var(--ast-global-color-5)","background-image":"","background-repeat":"repeat","background-position":"center center","background-size":"auto","background-attachment":"scroll","background-type":"","background-media":"","overlay-type":"","overlay-color":"","overlay-opacity":"","overlay-gradient":""},"mobile":{"background-color":"var(--ast-global-color-5)","background-image":"","background-repeat":"repeat","background-position":"center center","background-size":"auto","background-attachment":"scroll","background-type":"","background-media":"","overlay-type":"","overlay-color":"","overlay-opacity":"","overlay-gradient":""}},"footnotes":""},"class_list":["post-2957","page","type-page","status-publish","hentry"],"yoast_head":"<!-- This site is optimized with the Yoast SEO plugin v27.2 - https:\/\/yoast.com\/product\/yoast-seo-wordpress\/ -->\n<title>Calidad | Castro Composites<\/title>\n<meta name=\"robots\" content=\"index, follow, max-snippet:-1, max-image-preview:large, max-video-preview:-1\" \/>\n<link rel=\"canonical\" href=\"https:\/\/castrocomposites.com\/en\/quality\/\" \/>\n<meta property=\"og:locale\" content=\"en_GB\" \/>\n<meta property=\"og:type\" content=\"article\" \/>\n<meta property=\"og:title\" content=\"Calidad | Castro Composites\" \/>\n<meta property=\"og:description\" content=\"RESINAS CASTRO\u00a0centra su actividad industrial en la comercializaci\u00f3n de productos qu\u00edmicos. Conscientes de los altos requisitos que exigen sus clientes y de la presi\u00f3n de la competencia, la organizaci\u00f3n define como su objetivo final aumentar la satisfacci\u00f3n de sus clientes actuales y demostrar a los potenciales la capacidad de ofrecer un servicio de calidad que [&hellip;]\" \/>\n<meta property=\"og:url\" content=\"https:\/\/castrocomposites.com\/en\/quality\/\" \/>\n<meta property=\"og:site_name\" content=\"Castro Composites\" \/>\n<meta property=\"article:publisher\" content=\"https:\/\/www.facebook.com\/castrocomposites\/\" \/>\n<meta property=\"article:modified_time\" content=\"2022-07-27T12:55:02+00:00\" \/>\n<meta property=\"og:image\" content=\"http:\/\/castrocomposites.com\/wp-content\/uploads\/2022\/06\/image-ID-8afcb80e-92ed-470c-8d6a-e846037d1da3-300x170.png\" \/>\n<meta name=\"twitter:card\" content=\"summary_large_image\" \/>\n<meta name=\"twitter:site\" content=\"@castrocomposite\" \/>\n<meta name=\"twitter:label1\" content=\"Estimated reading time\" \/>\n\t<meta name=\"twitter:data1\" content=\"2 minutes\" \/>\n<script type=\"application\/ld+json\" class=\"yoast-schema-graph\">{\"@context\":\"https:\/\/schema.org\",\"@graph\":[{\"@type\":\"WebPage\",\"@id\":\"https:\/\/castrocomposites.com\/calidad\/\",\"url\":\"https:\/\/castrocomposites.com\/calidad\/\",\"name\":\"Calidad | Castro Composites\",\"isPartOf\":{\"@id\":\"https:\/\/castrocomposites.com\/#website\"},\"primaryImageOfPage\":{\"@id\":\"https:\/\/castrocomposites.com\/calidad\/#primaryimage\"},\"image\":{\"@id\":\"https:\/\/castrocomposites.com\/calidad\/#primaryimage\"},\"thumbnailUrl\":\"http:\/\/castrocomposites.com\/wp-content\/uploads\/2022\/06\/image-ID-8afcb80e-92ed-470c-8d6a-e846037d1da3-300x170.png\",\"datePublished\":\"2022-06-27T10:36:15+00:00\",\"dateModified\":\"2022-07-27T12:55:02+00:00\",\"breadcrumb\":{\"@id\":\"https:\/\/castrocomposites.com\/calidad\/#breadcrumb\"},\"inLanguage\":\"en-GB\",\"potentialAction\":[{\"@type\":\"ReadAction\",\"target\":[\"https:\/\/castrocomposites.com\/calidad\/\"]}]},{\"@type\":\"ImageObject\",\"inLanguage\":\"en-GB\",\"@id\":\"https:\/\/castrocomposites.com\/calidad\/#primaryimage\",\"url\":\"http:\/\/castrocomposites.com\/wp-content\/uploads\/2022\/06\/image-ID-8afcb80e-92ed-470c-8d6a-e846037d1da3-300x170.png\",\"contentUrl\":\"http:\/\/castrocomposites.com\/wp-content\/uploads\/2022\/06\/image-ID-8afcb80e-92ed-470c-8d6a-e846037d1da3-300x170.png\"},{\"@type\":\"BreadcrumbList\",\"@id\":\"https:\/\/castrocomposites.com\/calidad\/#breadcrumb\",\"itemListElement\":[{\"@type\":\"ListItem\",\"position\":1,\"name\":\"Home\",\"item\":\"https:\/\/castrocomposites.com\/\"},{\"@type\":\"ListItem\",\"position\":2,\"name\":\"Calidad\"}]},{\"@type\":\"WebSite\",\"@id\":\"https:\/\/castrocomposites.com\/#website\",\"url\":\"https:\/\/castrocomposites.com\/\",\"name\":\"Castro Composites\",\"description\":\"\",\"publisher\":{\"@id\":\"https:\/\/castrocomposites.com\/#organization\"},\"potentialAction\":[{\"@type\":\"SearchAction\",\"target\":{\"@type\":\"EntryPoint\",\"urlTemplate\":\"https:\/\/castrocomposites.com\/?s={search_term_string}\"},\"query-input\":{\"@type\":\"PropertyValueSpecification\",\"valueRequired\":true,\"valueName\":\"search_term_string\"}}],\"inLanguage\":\"en-GB\"},{\"@type\":\"Organization\",\"@id\":\"https:\/\/castrocomposites.com\/#organization\",\"name\":\"Castro Composites\",\"url\":\"https:\/\/castrocomposites.com\/\",\"logo\":{\"@type\":\"ImageObject\",\"inLanguage\":\"en-GB\",\"@id\":\"https:\/\/castrocomposites.com\/#\/schema\/logo\/image\/\",\"url\":\"http:\/\/castrocomposites.com\/wp-content\/uploads\/2022\/06\/castro-composites-logo-ld.png\",\"contentUrl\":\"http:\/\/castrocomposites.com\/wp-content\/uploads\/2022\/06\/castro-composites-logo-ld.png\",\"width\":208,\"height\":54,\"caption\":\"Castro Composites\"},\"image\":{\"@id\":\"https:\/\/castrocomposites.com\/#\/schema\/logo\/image\/\"},\"sameAs\":[\"https:\/\/www.facebook.com\/castrocomposites\/\",\"https:\/\/x.com\/castrocomposite\",\"https:\/\/instagram.com\/castro.composites\",\"https:\/\/www.linkedin.com\/company\/castro-composites\/\"]}]}<\/script>\n<!-- \/ Yoast SEO plugin. -->","yoast_head_json":{"title":"Calidad | Castro Composites","robots":{"index":"index","follow":"follow","max-snippet":"max-snippet:-1","max-image-preview":"max-image-preview:large","max-video-preview":"max-video-preview:-1"},"canonical":"https:\/\/castrocomposites.com\/en\/quality\/","og_locale":"en_GB","og_type":"article","og_title":"Calidad | Castro Composites","og_description":"RESINAS CASTRO\u00a0centra su actividad industrial en la comercializaci\u00f3n de productos qu\u00edmicos. Conscientes de los altos requisitos que exigen sus clientes y de la presi\u00f3n de la competencia, la organizaci\u00f3n define como su objetivo final aumentar la satisfacci\u00f3n de sus clientes actuales y demostrar a los potenciales la capacidad de ofrecer un servicio de calidad que [&hellip;]","og_url":"https:\/\/castrocomposites.com\/en\/quality\/","og_site_name":"Castro Composites","article_publisher":"https:\/\/www.facebook.com\/castrocomposites\/","article_modified_time":"2022-07-27T12:55:02+00:00","og_image":[{"url":"http:\/\/castrocomposites.com\/wp-content\/uploads\/2022\/06\/image-ID-8afcb80e-92ed-470c-8d6a-e846037d1da3-300x170.png","type":"","width":"","height":""}],"twitter_card":"summary_large_image","twitter_site":"@castrocomposite","twitter_misc":{"Estimated reading time":"2 minutes"},"schema":{"@context":"https:\/\/schema.org","@graph":[{"@type":"WebPage","@id":"https:\/\/castrocomposites.com\/calidad\/","url":"https:\/\/castrocomposites.com\/calidad\/","name":"Calidad | Castro Composites","isPartOf":{"@id":"https:\/\/castrocomposites.com\/#website"},"primaryImageOfPage":{"@id":"https:\/\/castrocomposites.com\/calidad\/#primaryimage"},"image":{"@id":"https:\/\/castrocomposites.com\/calidad\/#primaryimage"},"thumbnailUrl":"http:\/\/castrocomposites.com\/wp-content\/uploads\/2022\/06\/image-ID-8afcb80e-92ed-470c-8d6a-e846037d1da3-300x170.png","datePublished":"2022-06-27T10:36:15+00:00","dateModified":"2022-07-27T12:55:02+00:00","breadcrumb":{"@id":"https:\/\/castrocomposites.com\/calidad\/#breadcrumb"},"inLanguage":"en-GB","potentialAction":[{"@type":"ReadAction","target":["https:\/\/castrocomposites.com\/calidad\/"]}]},{"@type":"ImageObject","inLanguage":"en-GB","@id":"https:\/\/castrocomposites.com\/calidad\/#primaryimage","url":"http:\/\/castrocomposites.com\/wp-content\/uploads\/2022\/06\/image-ID-8afcb80e-92ed-470c-8d6a-e846037d1da3-300x170.png","contentUrl":"http:\/\/castrocomposites.com\/wp-content\/uploads\/2022\/06\/image-ID-8afcb80e-92ed-470c-8d6a-e846037d1da3-300x170.png"},{"@type":"BreadcrumbList","@id":"https:\/\/castrocomposites.com\/calidad\/#breadcrumb","itemListElement":[{"@type":"ListItem","position":1,"name":"Home","item":"https:\/\/castrocomposites.com\/"},{"@type":"ListItem","position":2,"name":"Calidad"}]},{"@type":"WebSite","@id":"https:\/\/castrocomposites.com\/#website","url":"https:\/\/castrocomposites.com\/","name":"Castro Composites","description":"","publisher":{"@id":"https:\/\/castrocomposites.com\/#organization"},"potentialAction":[{"@type":"SearchAction","target":{"@type":"EntryPoint","urlTemplate":"https:\/\/castrocomposites.com\/?s={search_term_string}"},"query-input":{"@type":"PropertyValueSpecification","valueRequired":true,"valueName":"search_term_string"}}],"inLanguage":"en-GB"},{"@type":"Organization","@id":"https:\/\/castrocomposites.com\/#organization","name":"Castro Composites","url":"https:\/\/castrocomposites.com\/","logo":{"@type":"ImageObject","inLanguage":"en-GB","@id":"https:\/\/castrocomposites.com\/#\/schema\/logo\/image\/","url":"http:\/\/castrocomposites.com\/wp-content\/uploads\/2022\/06\/castro-composites-logo-ld.png","contentUrl":"http:\/\/castrocomposites.com\/wp-content\/uploads\/2022\/06\/castro-composites-logo-ld.png","width":208,"height":54,"caption":"Castro Composites"},"image":{"@id":"https:\/\/castrocomposites.com\/#\/schema\/logo\/image\/"},"sameAs":["https:\/\/www.facebook.com\/castrocomposites\/","https:\/\/x.com\/castrocomposite","https:\/\/instagram.com\/castro.composites","https:\/\/www.linkedin.com\/company\/castro-composites\/"]}]}},"_links":{"self":[{"href":"https:\/\/castrocomposites.com\/en\/wp-json\/wp\/v2\/pages\/2957","targetHints":{"allow":["GET"]}}],"collection":[{"href":"https:\/\/castrocomposites.com\/en\/wp-json\/wp\/v2\/pages"}],"about":[{"href":"https:\/\/castrocomposites.com\/en\/wp-json\/wp\/v2\/types\/page"}],"author":[{"embeddable":true,"href":"https:\/\/castrocomposites.com\/en\/wp-json\/wp\/v2\/users\/1"}],"replies":[{"embeddable":true,"href":"https:\/\/castrocomposites.com\/en\/wp-json\/wp\/v2\/comments?post=2957"}],"version-history":[{"count":0,"href":"https:\/\/castrocomposites.com\/en\/wp-json\/wp\/v2\/pages\/2957\/revisions"}],"wp:attachment":[{"href":"https:\/\/castrocomposites.com\/en\/wp-json\/wp\/v2\/media?parent=2957"}],"curies":[{"name":"wp","href":"https:\/\/api.w.org\/{rel}","templated":true}]}}