{"id":3093,"date":"2022-06-30T13:06:28","date_gmt":"2022-06-30T11:06:28","guid":{"rendered":"https:\/\/castrocomposites.com\/industria-ferrocarril-copy\/"},"modified":"2022-07-01T09:58:36","modified_gmt":"2022-07-01T07:58:36","slug":"sports-industry","status":"publish","type":"page","link":"https:\/\/castrocomposites.com\/en\/industria-deportiva\/","title":{"rendered":"Industria Deportiva"},"content":{"rendered":"<div data-elementor-type=\"wp-page\" data-elementor-id=\"3093\" class=\"elementor elementor-3093\" data-elementor-post-type=\"page\">\n\t\t\t\t\t\t<section class=\"elementor-section elementor-top-section elementor-element elementor-element-f4f6b73 elementor-section-full_width elementor-section-height-default elementor-section-height-default\" data-id=\"f4f6b73\" data-element_type=\"section\" data-e-type=\"section\" data-settings=\"{&quot;background_background&quot;:&quot;classic&quot;}\">\n\t\t\t\t\t\t<div class=\"elementor-container elementor-column-gap-default\">\n\t\t\t\t\t<div class=\"elementor-column elementor-col-100 elementor-top-column elementor-element elementor-element-a643b63\" data-id=\"a643b63\" data-element_type=\"column\" data-e-type=\"column\">\n\t\t\t<div class=\"elementor-widget-wrap elementor-element-populated\">\n\t\t\t\t\t\t<div class=\"elementor-element elementor-element-369ac2c elementor-widget elementor-widget-heading\" data-id=\"369ac2c\" data-element_type=\"widget\" data-e-type=\"widget\" data-widget_type=\"heading.default\">\n\t\t\t\t<div class=\"elementor-widget-container\">\n\t\t\t\t\t<h2 class=\"elementor-heading-title elementor-size-default\">Sports<br>\nIndustry<\/h2>\t\t\t\t<\/div>\n\t\t\t\t<\/div>\n\t\t\t\t\t<\/div>\n\t\t<\/div>\n\t\t\t\t\t<\/div>\n\t\t<\/section>\n\t\t\t\t<section class=\"elementor-section elementor-top-section elementor-element elementor-element-e24694f elementor-section-boxed elementor-section-height-default elementor-section-height-default\" data-id=\"e24694f\" data-element_type=\"section\" data-e-type=\"section\">\n\t\t\t\t\t\t<div class=\"elementor-container elementor-column-gap-default\">\n\t\t\t\t\t<div class=\"elementor-column elementor-col-50 elementor-top-column elementor-element elementor-element-2f54efc\" data-id=\"2f54efc\" data-element_type=\"column\" data-e-type=\"column\" data-settings=\"{&quot;background_background&quot;:&quot;classic&quot;}\">\n\t\t\t<div class=\"elementor-widget-wrap elementor-element-populated\">\n\t\t\t\t\t\t<div class=\"elementor-element elementor-element-e7472ae elementor-widget elementor-widget-image\" data-id=\"e7472ae\" data-element_type=\"widget\" data-e-type=\"widget\" data-widget_type=\"image.default\">\n\t\t\t\t<div class=\"elementor-widget-container\">\n\t\t\t\t\t\t\t\t\t\t\t\t\t\t\t<img fetchpriority=\"high\" decoding=\"async\" width=\"430\" height=\"287\" src=\"https:\/\/castrocomposites.com\/wp-content\/uploads\/2022\/06\/Sector_Deportes-EViYwehs.jpg\" class=\"attachment-large size-large wp-image-2291\" alt=\"industria deportes\" srcset=\"https:\/\/castrocomposites.com\/wp-content\/uploads\/2022\/06\/Sector_Deportes-EViYwehs.jpg 430w, https:\/\/castrocomposites.com\/wp-content\/uploads\/2022\/06\/Sector_Deportes-EViYwehs-300x200.jpg 300w, https:\/\/castrocomposites.com\/wp-content\/uploads\/2022\/06\/Sector_Deportes-EViYwehs-18x12.jpg 18w\" sizes=\"(max-width: 430px) 100vw, 430px\" \/>\t\t\t\t\t\t\t\t\t\t\t\t\t\t\t<\/div>\n\t\t\t\t<\/div>\n\t\t\t\t\t<\/div>\n\t\t<\/div>\n\t\t\t\t<div class=\"elementor-column elementor-col-50 elementor-top-column elementor-element elementor-element-2bac6bc\" data-id=\"2bac6bc\" data-element_type=\"column\" data-e-type=\"column\">\n\t\t\t<div class=\"elementor-widget-wrap elementor-element-populated\">\n\t\t\t\t\t\t<div class=\"elementor-element elementor-element-82ab5ed elementor-widget elementor-widget-text-editor\" data-id=\"82ab5ed\" data-element_type=\"widget\" data-e-type=\"widget\" data-widget_type=\"text-editor.default\">\n\t\t\t\t<div class=\"elementor-widget-container\">\n\t\t\t\t\t\t\t\t\t<p><br>Today, the best high-performance equipment is closely related to materials science, medical science, mechanical engineering and biology.<\/p><p>Over the years, and with the advent of technological advances in these areas, we have gained a greater understanding of how the human body responds to internal and external forces, and significant advances have been achieved in injury prevention terms. Since equipment has a big impact on muscle tissue, joints, etc., composite materials are the best choice for the manufacture of sports equipment, or sports prostheses, thanks to their excellent strength-to-weight ratio, mouldability and ease of repair.<\/p>\t\t\t\t\t\t\t\t<\/div>\n\t\t\t\t<\/div>\n\t\t\t\t\t<\/div>\n\t\t<\/div>\n\t\t\t\t\t<\/div>\n\t\t<\/section>\n\t\t\t\t<\/div>","protected":false},"excerpt":{"rendered":"<p>InduSTRIA DeportivA En la actualidad, el mejor equipamiento de alta competici\u00f3n, est\u00e1 estrechamente relacionado con la ciencia de los materiales, la ciencia m\u00e9dica, la ingenier\u00eda mec\u00e1nica y la biolog\u00eda. Con el paso del tiempo y los avances en estas \u00e1reas, hemos conseguido una mayor comprensi\u00f3n de como responde el cuerpo humano frente a fuerzas internas [&hellip;]<\/p>\n","protected":false},"author":1,"featured_media":0,"parent":0,"menu_order":0,"comment_status":"closed","ping_status":"closed","template":"","meta":{"site-sidebar-layout":"no-sidebar","site-content-layout":"page-builder","ast-site-content-layout":"default","site-content-style":"default","site-sidebar-style":"default","ast-global-header-display":"","ast-banner-title-visibility":"","ast-main-header-display":"","ast-hfb-above-header-display":"","ast-hfb-below-header-display":"","ast-hfb-mobile-header-display":"","site-post-title":"disabled","ast-breadcrumbs-content":"","ast-featured-img":"disabled","footer-sml-layout":"","ast-disable-related-posts":"","theme-transparent-header-meta":"","adv-header-id-meta":"","stick-header-meta":"","header-above-stick-meta":"","header-main-stick-meta":"","header-below-stick-meta":"","astra-migrate-meta-layouts":"default","ast-page-background-enabled":"default","ast-page-background-meta":{"desktop":{"background-color":"var(--ast-global-color-4)","background-image":"","background-repeat":"repeat","background-position":"center center","background-size":"auto","background-attachment":"scroll","background-type":"","background-media":"","overlay-type":"","overlay-color":"","overlay-opacity":"","overlay-gradient":""},"tablet":{"background-color":"","background-image":"","background-repeat":"repeat","background-position":"center center","background-size":"auto","background-attachment":"scroll","background-type":"","background-media":"","overlay-type":"","overlay-color":"","overlay-opacity":"","overlay-gradient":""},"mobile":{"background-color":"","background-image":"","background-repeat":"repeat","background-position":"center center","background-size":"auto","background-attachment":"scroll","background-type":"","background-media":"","overlay-type":"","overlay-color":"","overlay-opacity":"","overlay-gradient":""}},"ast-content-background-meta":{"desktop":{"background-color":"var(--ast-global-color-5)","background-image":"","background-repeat":"repeat","background-position":"center center","background-size":"auto","background-attachment":"scroll","background-type":"","background-media":"","overlay-type":"","overlay-color":"","overlay-opacity":"","overlay-gradient":""},"tablet":{"background-color":"var(--ast-global-color-5)","background-image":"","background-repeat":"repeat","background-position":"center center","background-size":"auto","background-attachment":"scroll","background-type":"","background-media":"","overlay-type":"","overlay-color":"","overlay-opacity":"","overlay-gradient":""},"mobile":{"background-color":"var(--ast-global-color-5)","background-image":"","background-repeat":"repeat","background-position":"center center","background-size":"auto","background-attachment":"scroll","background-type":"","background-media":"","overlay-type":"","overlay-color":"","overlay-opacity":"","overlay-gradient":""}},"footnotes":""},"class_list":["post-3093","page","type-page","status-publish","hentry"],"yoast_head":"<!-- This site is optimized with the Yoast SEO plugin v27.2 - https:\/\/yoast.com\/product\/yoast-seo-wordpress\/ -->\n<title>Industria Deportiva | Castro Composites<\/title>\n<meta name=\"robots\" content=\"index, follow, max-snippet:-1, max-image-preview:large, max-video-preview:-1\" \/>\n<link rel=\"canonical\" href=\"https:\/\/castrocomposites.com\/en\/sports-industry\/\" \/>\n<meta property=\"og:locale\" content=\"en_GB\" \/>\n<meta property=\"og:type\" content=\"article\" \/>\n<meta property=\"og:title\" content=\"Industria Deportiva | Castro Composites\" \/>\n<meta property=\"og:description\" content=\"InduSTRIA DeportivA En la actualidad, el mejor equipamiento de alta competici\u00f3n, est\u00e1 estrechamente relacionado con la ciencia de los materiales, la ciencia m\u00e9dica, la ingenier\u00eda mec\u00e1nica y la biolog\u00eda. Con el paso del tiempo y los avances en estas \u00e1reas, hemos conseguido una mayor comprensi\u00f3n de como responde el cuerpo humano frente a fuerzas internas [&hellip;]\" \/>\n<meta property=\"og:url\" content=\"https:\/\/castrocomposites.com\/en\/sports-industry\/\" \/>\n<meta property=\"og:site_name\" content=\"Castro Composites\" \/>\n<meta property=\"article:publisher\" content=\"https:\/\/www.facebook.com\/castrocomposites\/\" \/>\n<meta property=\"article:modified_time\" content=\"2022-07-01T07:58:36+00:00\" \/>\n<meta property=\"og:image\" content=\"http:\/\/castrocomposites.com\/wp-content\/uploads\/2022\/06\/Sector_Deportes-EViYwehs.jpg\" \/>\n<meta name=\"twitter:card\" content=\"summary_large_image\" \/>\n<meta name=\"twitter:site\" content=\"@castrocomposite\" \/>\n<meta name=\"twitter:label1\" content=\"Estimated reading time\" \/>\n\t<meta name=\"twitter:data1\" content=\"1 minute\" \/>\n<script type=\"application\/ld+json\" class=\"yoast-schema-graph\">{\"@context\":\"https:\/\/schema.org\",\"@graph\":[{\"@type\":\"WebPage\",\"@id\":\"https:\/\/castrocomposites.com\/industria-deportiva\/\",\"url\":\"https:\/\/castrocomposites.com\/industria-deportiva\/\",\"name\":\"Industria Deportiva | Castro Composites\",\"isPartOf\":{\"@id\":\"https:\/\/castrocomposites.com\/#website\"},\"primaryImageOfPage\":{\"@id\":\"https:\/\/castrocomposites.com\/industria-deportiva\/#primaryimage\"},\"image\":{\"@id\":\"https:\/\/castrocomposites.com\/industria-deportiva\/#primaryimage\"},\"thumbnailUrl\":\"http:\/\/castrocomposites.com\/wp-content\/uploads\/2022\/06\/Sector_Deportes-EViYwehs.jpg\",\"datePublished\":\"2022-06-30T11:06:28+00:00\",\"dateModified\":\"2022-07-01T07:58:36+00:00\",\"breadcrumb\":{\"@id\":\"https:\/\/castrocomposites.com\/industria-deportiva\/#breadcrumb\"},\"inLanguage\":\"en-GB\",\"potentialAction\":[{\"@type\":\"ReadAction\",\"target\":[\"https:\/\/castrocomposites.com\/industria-deportiva\/\"]}]},{\"@type\":\"ImageObject\",\"inLanguage\":\"en-GB\",\"@id\":\"https:\/\/castrocomposites.com\/industria-deportiva\/#primaryimage\",\"url\":\"http:\/\/castrocomposites.com\/wp-content\/uploads\/2022\/06\/Sector_Deportes-EViYwehs.jpg\",\"contentUrl\":\"http:\/\/castrocomposites.com\/wp-content\/uploads\/2022\/06\/Sector_Deportes-EViYwehs.jpg\"},{\"@type\":\"BreadcrumbList\",\"@id\":\"https:\/\/castrocomposites.com\/industria-deportiva\/#breadcrumb\",\"itemListElement\":[{\"@type\":\"ListItem\",\"position\":1,\"name\":\"Home\",\"item\":\"https:\/\/castrocomposites.com\/\"},{\"@type\":\"ListItem\",\"position\":2,\"name\":\"Industria Deportiva\"}]},{\"@type\":\"WebSite\",\"@id\":\"https:\/\/castrocomposites.com\/#website\",\"url\":\"https:\/\/castrocomposites.com\/\",\"name\":\"Castro Composites\",\"description\":\"\",\"publisher\":{\"@id\":\"https:\/\/castrocomposites.com\/#organization\"},\"potentialAction\":[{\"@type\":\"SearchAction\",\"target\":{\"@type\":\"EntryPoint\",\"urlTemplate\":\"https:\/\/castrocomposites.com\/?s={search_term_string}\"},\"query-input\":{\"@type\":\"PropertyValueSpecification\",\"valueRequired\":true,\"valueName\":\"search_term_string\"}}],\"inLanguage\":\"en-GB\"},{\"@type\":\"Organization\",\"@id\":\"https:\/\/castrocomposites.com\/#organization\",\"name\":\"Castro Composites\",\"url\":\"https:\/\/castrocomposites.com\/\",\"logo\":{\"@type\":\"ImageObject\",\"inLanguage\":\"en-GB\",\"@id\":\"https:\/\/castrocomposites.com\/#\/schema\/logo\/image\/\",\"url\":\"http:\/\/castrocomposites.com\/wp-content\/uploads\/2022\/06\/castro-composites-logo-ld.png\",\"contentUrl\":\"http:\/\/castrocomposites.com\/wp-content\/uploads\/2022\/06\/castro-composites-logo-ld.png\",\"width\":208,\"height\":54,\"caption\":\"Castro Composites\"},\"image\":{\"@id\":\"https:\/\/castrocomposites.com\/#\/schema\/logo\/image\/\"},\"sameAs\":[\"https:\/\/www.facebook.com\/castrocomposites\/\",\"https:\/\/x.com\/castrocomposite\",\"https:\/\/instagram.com\/castro.composites\",\"https:\/\/www.linkedin.com\/company\/castro-composites\/\"]}]}<\/script>\n<!-- \/ Yoast SEO plugin. -->","yoast_head_json":{"title":"Industria Deportiva | Castro Composites","robots":{"index":"index","follow":"follow","max-snippet":"max-snippet:-1","max-image-preview":"max-image-preview:large","max-video-preview":"max-video-preview:-1"},"canonical":"https:\/\/castrocomposites.com\/en\/sports-industry\/","og_locale":"en_GB","og_type":"article","og_title":"Industria Deportiva | Castro Composites","og_description":"InduSTRIA DeportivA En la actualidad, el mejor equipamiento de alta competici\u00f3n, est\u00e1 estrechamente relacionado con la ciencia de los materiales, la ciencia m\u00e9dica, la ingenier\u00eda mec\u00e1nica y la biolog\u00eda. Con el paso del tiempo y los avances en estas \u00e1reas, hemos conseguido una mayor comprensi\u00f3n de como responde el cuerpo humano frente a fuerzas internas [&hellip;]","og_url":"https:\/\/castrocomposites.com\/en\/sports-industry\/","og_site_name":"Castro Composites","article_publisher":"https:\/\/www.facebook.com\/castrocomposites\/","article_modified_time":"2022-07-01T07:58:36+00:00","og_image":[{"url":"http:\/\/castrocomposites.com\/wp-content\/uploads\/2022\/06\/Sector_Deportes-EViYwehs.jpg","type":"","width":"","height":""}],"twitter_card":"summary_large_image","twitter_site":"@castrocomposite","twitter_misc":{"Estimated reading time":"1 minute"},"schema":{"@context":"https:\/\/schema.org","@graph":[{"@type":"WebPage","@id":"https:\/\/castrocomposites.com\/industria-deportiva\/","url":"https:\/\/castrocomposites.com\/industria-deportiva\/","name":"Industria Deportiva | Castro Composites","isPartOf":{"@id":"https:\/\/castrocomposites.com\/#website"},"primaryImageOfPage":{"@id":"https:\/\/castrocomposites.com\/industria-deportiva\/#primaryimage"},"image":{"@id":"https:\/\/castrocomposites.com\/industria-deportiva\/#primaryimage"},"thumbnailUrl":"http:\/\/castrocomposites.com\/wp-content\/uploads\/2022\/06\/Sector_Deportes-EViYwehs.jpg","datePublished":"2022-06-30T11:06:28+00:00","dateModified":"2022-07-01T07:58:36+00:00","breadcrumb":{"@id":"https:\/\/castrocomposites.com\/industria-deportiva\/#breadcrumb"},"inLanguage":"en-GB","potentialAction":[{"@type":"ReadAction","target":["https:\/\/castrocomposites.com\/industria-deportiva\/"]}]},{"@type":"ImageObject","inLanguage":"en-GB","@id":"https:\/\/castrocomposites.com\/industria-deportiva\/#primaryimage","url":"http:\/\/castrocomposites.com\/wp-content\/uploads\/2022\/06\/Sector_Deportes-EViYwehs.jpg","contentUrl":"http:\/\/castrocomposites.com\/wp-content\/uploads\/2022\/06\/Sector_Deportes-EViYwehs.jpg"},{"@type":"BreadcrumbList","@id":"https:\/\/castrocomposites.com\/industria-deportiva\/#breadcrumb","itemListElement":[{"@type":"ListItem","position":1,"name":"Home","item":"https:\/\/castrocomposites.com\/"},{"@type":"ListItem","position":2,"name":"Industria Deportiva"}]},{"@type":"WebSite","@id":"https:\/\/castrocomposites.com\/#website","url":"https:\/\/castrocomposites.com\/","name":"Castro Composites","description":"","publisher":{"@id":"https:\/\/castrocomposites.com\/#organization"},"potentialAction":[{"@type":"SearchAction","target":{"@type":"EntryPoint","urlTemplate":"https:\/\/castrocomposites.com\/?s={search_term_string}"},"query-input":{"@type":"PropertyValueSpecification","valueRequired":true,"valueName":"search_term_string"}}],"inLanguage":"en-GB"},{"@type":"Organization","@id":"https:\/\/castrocomposites.com\/#organization","name":"Castro Composites","url":"https:\/\/castrocomposites.com\/","logo":{"@type":"ImageObject","inLanguage":"en-GB","@id":"https:\/\/castrocomposites.com\/#\/schema\/logo\/image\/","url":"http:\/\/castrocomposites.com\/wp-content\/uploads\/2022\/06\/castro-composites-logo-ld.png","contentUrl":"http:\/\/castrocomposites.com\/wp-content\/uploads\/2022\/06\/castro-composites-logo-ld.png","width":208,"height":54,"caption":"Castro Composites"},"image":{"@id":"https:\/\/castrocomposites.com\/#\/schema\/logo\/image\/"},"sameAs":["https:\/\/www.facebook.com\/castrocomposites\/","https:\/\/x.com\/castrocomposite","https:\/\/instagram.com\/castro.composites","https:\/\/www.linkedin.com\/company\/castro-composites\/"]}]}},"_links":{"self":[{"href":"https:\/\/castrocomposites.com\/en\/wp-json\/wp\/v2\/pages\/3093","targetHints":{"allow":["GET"]}}],"collection":[{"href":"https:\/\/castrocomposites.com\/en\/wp-json\/wp\/v2\/pages"}],"about":[{"href":"https:\/\/castrocomposites.com\/en\/wp-json\/wp\/v2\/types\/page"}],"author":[{"embeddable":true,"href":"https:\/\/castrocomposites.com\/en\/wp-json\/wp\/v2\/users\/1"}],"replies":[{"embeddable":true,"href":"https:\/\/castrocomposites.com\/en\/wp-json\/wp\/v2\/comments?post=3093"}],"version-history":[{"count":0,"href":"https:\/\/castrocomposites.com\/en\/wp-json\/wp\/v2\/pages\/3093\/revisions"}],"wp:attachment":[{"href":"https:\/\/castrocomposites.com\/en\/wp-json\/wp\/v2\/media?parent=3093"}],"curies":[{"name":"wp","href":"https:\/\/api.w.org\/{rel}","templated":true}]}}