{"id":3111,"date":"2022-06-30T14:18:25","date_gmt":"2022-06-30T12:18:25","guid":{"rendered":"https:\/\/castrocomposites.com\/industria-corrosion-industrial-copy\/"},"modified":"2022-07-01T10:05:42","modified_gmt":"2022-07-01T08:05:42","slug":"art-decoration-industry","status":"publish","type":"page","link":"https:\/\/castrocomposites.com\/en\/industria-arte-y-decoracion\/","title":{"rendered":"Industria Arte y Decoraci\u00f3n"},"content":{"rendered":"<div data-elementor-type=\"wp-page\" data-elementor-id=\"3111\" class=\"elementor elementor-3111\" data-elementor-post-type=\"page\">\n\t\t\t\t\t\t<section class=\"elementor-section elementor-top-section elementor-element elementor-element-f4f6b73 elementor-section-full_width elementor-section-height-default elementor-section-height-default\" data-id=\"f4f6b73\" data-element_type=\"section\" data-e-type=\"section\" data-settings=\"{&quot;background_background&quot;:&quot;classic&quot;}\">\n\t\t\t\t\t\t<div class=\"elementor-container elementor-column-gap-default\">\n\t\t\t\t\t<div class=\"elementor-column elementor-col-100 elementor-top-column elementor-element elementor-element-a643b63\" data-id=\"a643b63\" data-element_type=\"column\" data-e-type=\"column\">\n\t\t\t<div class=\"elementor-widget-wrap elementor-element-populated\">\n\t\t\t\t\t\t<div class=\"elementor-element elementor-element-369ac2c elementor-widget elementor-widget-heading\" data-id=\"369ac2c\" data-element_type=\"widget\" data-e-type=\"widget\" data-widget_type=\"heading.default\">\n\t\t\t\t<div class=\"elementor-widget-container\">\n\t\t\t\t\t<h2 class=\"elementor-heading-title elementor-size-default\">Art &amp; Decoration<br>\nArte &amp; Decoraci\u00f3N<\/h2>\t\t\t\t<\/div>\n\t\t\t\t<\/div>\n\t\t\t\t\t<\/div>\n\t\t<\/div>\n\t\t\t\t\t<\/div>\n\t\t<\/section>\n\t\t\t\t<section class=\"elementor-section elementor-top-section elementor-element elementor-element-e24694f elementor-section-boxed elementor-section-height-default elementor-section-height-default\" data-id=\"e24694f\" data-element_type=\"section\" data-e-type=\"section\">\n\t\t\t\t\t\t<div class=\"elementor-container elementor-column-gap-default\">\n\t\t\t\t\t<div class=\"elementor-column elementor-col-50 elementor-top-column elementor-element elementor-element-2f54efc\" data-id=\"2f54efc\" data-element_type=\"column\" data-e-type=\"column\" data-settings=\"{&quot;background_background&quot;:&quot;classic&quot;}\">\n\t\t\t<div class=\"elementor-widget-wrap elementor-element-populated\">\n\t\t\t\t\t\t<div class=\"elementor-element elementor-element-e7472ae elementor-widget elementor-widget-image\" data-id=\"e7472ae\" data-element_type=\"widget\" data-e-type=\"widget\" data-widget_type=\"image.default\">\n\t\t\t\t<div class=\"elementor-widget-container\">\n\t\t\t\t\t\t\t\t\t\t\t\t\t\t\t<img fetchpriority=\"high\" decoding=\"async\" width=\"430\" height=\"287\" src=\"https:\/\/castrocomposites.com\/wp-content\/uploads\/2022\/06\/Sector_Arte_y_Decoracion-VTiYwehs.jpg\" class=\"attachment-large size-large wp-image-2293\" alt=\"arte y decoraci\u00f3n\" srcset=\"https:\/\/castrocomposites.com\/wp-content\/uploads\/2022\/06\/Sector_Arte_y_Decoracion-VTiYwehs.jpg 430w, https:\/\/castrocomposites.com\/wp-content\/uploads\/2022\/06\/Sector_Arte_y_Decoracion-VTiYwehs-300x200.jpg 300w, https:\/\/castrocomposites.com\/wp-content\/uploads\/2022\/06\/Sector_Arte_y_Decoracion-VTiYwehs-18x12.jpg 18w\" sizes=\"(max-width: 430px) 100vw, 430px\" \/>\t\t\t\t\t\t\t\t\t\t\t\t\t\t\t<\/div>\n\t\t\t\t<\/div>\n\t\t\t\t\t<\/div>\n\t\t<\/div>\n\t\t\t\t<div class=\"elementor-column elementor-col-50 elementor-top-column elementor-element elementor-element-2bac6bc\" data-id=\"2bac6bc\" data-element_type=\"column\" data-e-type=\"column\">\n\t\t\t<div class=\"elementor-widget-wrap elementor-element-populated\">\n\t\t\t\t\t\t<div class=\"elementor-element elementor-element-82ab5ed elementor-widget elementor-widget-text-editor\" data-id=\"82ab5ed\" data-element_type=\"widget\" data-e-type=\"widget\" data-widget_type=\"text-editor.default\">\n\t\t\t\t<div class=\"elementor-widget-container\">\n\t\t\t\t\t\t\t\t\t<p>In the last decades, composite materials have been increasingly used by interior designers, artists and decorators around the world as a tool to shape their creativity and drive architectural innovation, providing unique space designs, through all kind of artistic decorative elements, furniture, cladding and unique structures that brings innovative solutions for the current design challenges, like resistance, lighting, efficient use of spaces, energy efficiency and construction costs reduction, being applicable in the office world, as well as in public and residential works.&nbsp;<span style=\"font-style: inherit; font-weight: inherit; color: var( --e-global-color-text ); background-color: var(--ast-global-color-5);\">tanto en el mundo de la oficina, como en obra p\u00fablica o de tipo residencial.<\/span><\/p>\t\t\t\t\t\t\t\t<\/div>\n\t\t\t\t<\/div>\n\t\t\t\t\t<\/div>\n\t\t<\/div>\n\t\t\t\t\t<\/div>\n\t\t<\/section>\n\t\t\t\t<\/div>","protected":false},"excerpt":{"rendered":"<p>INdustriA Arte &#038; Decoraci\u00f3N En las \u00faltimas d\u00e9cadas, los materiales compuestos est\u00e1n siendo utilizados cada vez con mayor frecuencia por dise\u00f1adores de interiores, artistas y decoradores de todo el mundo, como herramienta para dar forma a su creatividad e impulsar la innovaci\u00f3n arquitect\u00f3nica, dotando a los espacios de dise\u00f1os singulares, a trav\u00e9s de elementos decorativos [&hellip;]<\/p>\n","protected":false},"author":1,"featured_media":0,"parent":0,"menu_order":0,"comment_status":"closed","ping_status":"closed","template":"","meta":{"site-sidebar-layout":"no-sidebar","site-content-layout":"page-builder","ast-site-content-layout":"default","site-content-style":"default","site-sidebar-style":"default","ast-global-header-display":"","ast-banner-title-visibility":"","ast-main-header-display":"","ast-hfb-above-header-display":"","ast-hfb-below-header-display":"","ast-hfb-mobile-header-display":"","site-post-title":"disabled","ast-breadcrumbs-content":"","ast-featured-img":"disabled","footer-sml-layout":"","ast-disable-related-posts":"","theme-transparent-header-meta":"","adv-header-id-meta":"","stick-header-meta":"","header-above-stick-meta":"","header-main-stick-meta":"","header-below-stick-meta":"","astra-migrate-meta-layouts":"default","ast-page-background-enabled":"default","ast-page-background-meta":{"desktop":{"background-color":"var(--ast-global-color-4)","background-image":"","background-repeat":"repeat","background-position":"center center","background-size":"auto","background-attachment":"scroll","background-type":"","background-media":"","overlay-type":"","overlay-color":"","overlay-opacity":"","overlay-gradient":""},"tablet":{"background-color":"","background-image":"","background-repeat":"repeat","background-position":"center center","background-size":"auto","background-attachment":"scroll","background-type":"","background-media":"","overlay-type":"","overlay-color":"","overlay-opacity":"","overlay-gradient":""},"mobile":{"background-color":"","background-image":"","background-repeat":"repeat","background-position":"center center","background-size":"auto","background-attachment":"scroll","background-type":"","background-media":"","overlay-type":"","overlay-color":"","overlay-opacity":"","overlay-gradient":""}},"ast-content-background-meta":{"desktop":{"background-color":"var(--ast-global-color-5)","background-image":"","background-repeat":"repeat","background-position":"center center","background-size":"auto","background-attachment":"scroll","background-type":"","background-media":"","overlay-type":"","overlay-color":"","overlay-opacity":"","overlay-gradient":""},"tablet":{"background-color":"var(--ast-global-color-5)","background-image":"","background-repeat":"repeat","background-position":"center center","background-size":"auto","background-attachment":"scroll","background-type":"","background-media":"","overlay-type":"","overlay-color":"","overlay-opacity":"","overlay-gradient":""},"mobile":{"background-color":"var(--ast-global-color-5)","background-image":"","background-repeat":"repeat","background-position":"center center","background-size":"auto","background-attachment":"scroll","background-type":"","background-media":"","overlay-type":"","overlay-color":"","overlay-opacity":"","overlay-gradient":""}},"footnotes":""},"class_list":["post-3111","page","type-page","status-publish","hentry"],"yoast_head":"<!-- This site is optimized with the Yoast SEO plugin v27.2 - https:\/\/yoast.com\/product\/yoast-seo-wordpress\/ -->\n<title>Industria Arte y Decoraci\u00f3n | Castro Composites<\/title>\n<meta name=\"robots\" content=\"index, follow, max-snippet:-1, max-image-preview:large, max-video-preview:-1\" \/>\n<link rel=\"canonical\" href=\"https:\/\/castrocomposites.com\/en\/art-decoration-industry\/\" \/>\n<meta property=\"og:locale\" content=\"en_GB\" \/>\n<meta property=\"og:type\" content=\"article\" \/>\n<meta property=\"og:title\" content=\"Industria Arte y Decoraci\u00f3n | Castro Composites\" \/>\n<meta property=\"og:description\" content=\"INdustriA Arte &#038; Decoraci\u00f3N En las \u00faltimas d\u00e9cadas, los materiales compuestos est\u00e1n siendo utilizados cada vez con mayor frecuencia por dise\u00f1adores de interiores, artistas y decoradores de todo el mundo, como herramienta para dar forma a su creatividad e impulsar la innovaci\u00f3n arquitect\u00f3nica, dotando a los espacios de dise\u00f1os singulares, a trav\u00e9s de elementos decorativos [&hellip;]\" \/>\n<meta property=\"og:url\" content=\"https:\/\/castrocomposites.com\/en\/art-decoration-industry\/\" \/>\n<meta property=\"og:site_name\" content=\"Castro Composites\" \/>\n<meta property=\"article:publisher\" content=\"https:\/\/www.facebook.com\/castrocomposites\/\" \/>\n<meta property=\"article:modified_time\" content=\"2022-07-01T08:05:42+00:00\" \/>\n<meta property=\"og:image\" content=\"http:\/\/castrocomposites.com\/wp-content\/uploads\/2022\/06\/Sector_Arte_y_Decoracion-VTiYwehs.jpg\" \/>\n<meta name=\"twitter:card\" content=\"summary_large_image\" \/>\n<meta name=\"twitter:site\" content=\"@castrocomposite\" \/>\n<meta name=\"twitter:label1\" content=\"Estimated reading time\" \/>\n\t<meta name=\"twitter:data1\" content=\"1 minute\" \/>\n<script type=\"application\/ld+json\" class=\"yoast-schema-graph\">{\"@context\":\"https:\/\/schema.org\",\"@graph\":[{\"@type\":\"WebPage\",\"@id\":\"https:\/\/castrocomposites.com\/industria-arte-y-decoracion\/\",\"url\":\"https:\/\/castrocomposites.com\/industria-arte-y-decoracion\/\",\"name\":\"Industria Arte y Decoraci\u00f3n | Castro Composites\",\"isPartOf\":{\"@id\":\"https:\/\/castrocomposites.com\/#website\"},\"primaryImageOfPage\":{\"@id\":\"https:\/\/castrocomposites.com\/industria-arte-y-decoracion\/#primaryimage\"},\"image\":{\"@id\":\"https:\/\/castrocomposites.com\/industria-arte-y-decoracion\/#primaryimage\"},\"thumbnailUrl\":\"http:\/\/castrocomposites.com\/wp-content\/uploads\/2022\/06\/Sector_Arte_y_Decoracion-VTiYwehs.jpg\",\"datePublished\":\"2022-06-30T12:18:25+00:00\",\"dateModified\":\"2022-07-01T08:05:42+00:00\",\"breadcrumb\":{\"@id\":\"https:\/\/castrocomposites.com\/industria-arte-y-decoracion\/#breadcrumb\"},\"inLanguage\":\"en-GB\",\"potentialAction\":[{\"@type\":\"ReadAction\",\"target\":[\"https:\/\/castrocomposites.com\/industria-arte-y-decoracion\/\"]}]},{\"@type\":\"ImageObject\",\"inLanguage\":\"en-GB\",\"@id\":\"https:\/\/castrocomposites.com\/industria-arte-y-decoracion\/#primaryimage\",\"url\":\"http:\/\/castrocomposites.com\/wp-content\/uploads\/2022\/06\/Sector_Arte_y_Decoracion-VTiYwehs.jpg\",\"contentUrl\":\"http:\/\/castrocomposites.com\/wp-content\/uploads\/2022\/06\/Sector_Arte_y_Decoracion-VTiYwehs.jpg\"},{\"@type\":\"BreadcrumbList\",\"@id\":\"https:\/\/castrocomposites.com\/industria-arte-y-decoracion\/#breadcrumb\",\"itemListElement\":[{\"@type\":\"ListItem\",\"position\":1,\"name\":\"Home\",\"item\":\"https:\/\/castrocomposites.com\/\"},{\"@type\":\"ListItem\",\"position\":2,\"name\":\"Industria Arte y Decoraci\u00f3n\"}]},{\"@type\":\"WebSite\",\"@id\":\"https:\/\/castrocomposites.com\/#website\",\"url\":\"https:\/\/castrocomposites.com\/\",\"name\":\"Castro Composites\",\"description\":\"\",\"publisher\":{\"@id\":\"https:\/\/castrocomposites.com\/#organization\"},\"potentialAction\":[{\"@type\":\"SearchAction\",\"target\":{\"@type\":\"EntryPoint\",\"urlTemplate\":\"https:\/\/castrocomposites.com\/?s={search_term_string}\"},\"query-input\":{\"@type\":\"PropertyValueSpecification\",\"valueRequired\":true,\"valueName\":\"search_term_string\"}}],\"inLanguage\":\"en-GB\"},{\"@type\":\"Organization\",\"@id\":\"https:\/\/castrocomposites.com\/#organization\",\"name\":\"Castro Composites\",\"url\":\"https:\/\/castrocomposites.com\/\",\"logo\":{\"@type\":\"ImageObject\",\"inLanguage\":\"en-GB\",\"@id\":\"https:\/\/castrocomposites.com\/#\/schema\/logo\/image\/\",\"url\":\"http:\/\/castrocomposites.com\/wp-content\/uploads\/2022\/06\/castro-composites-logo-ld.png\",\"contentUrl\":\"http:\/\/castrocomposites.com\/wp-content\/uploads\/2022\/06\/castro-composites-logo-ld.png\",\"width\":208,\"height\":54,\"caption\":\"Castro Composites\"},\"image\":{\"@id\":\"https:\/\/castrocomposites.com\/#\/schema\/logo\/image\/\"},\"sameAs\":[\"https:\/\/www.facebook.com\/castrocomposites\/\",\"https:\/\/x.com\/castrocomposite\",\"https:\/\/instagram.com\/castro.composites\",\"https:\/\/www.linkedin.com\/company\/castro-composites\/\"]}]}<\/script>\n<!-- \/ Yoast SEO plugin. -->","yoast_head_json":{"title":"Industria Arte y Decoraci\u00f3n | Castro Composites","robots":{"index":"index","follow":"follow","max-snippet":"max-snippet:-1","max-image-preview":"max-image-preview:large","max-video-preview":"max-video-preview:-1"},"canonical":"https:\/\/castrocomposites.com\/en\/art-decoration-industry\/","og_locale":"en_GB","og_type":"article","og_title":"Industria Arte y Decoraci\u00f3n | Castro Composites","og_description":"INdustriA Arte &#038; Decoraci\u00f3N En las \u00faltimas d\u00e9cadas, los materiales compuestos est\u00e1n siendo utilizados cada vez con mayor frecuencia por dise\u00f1adores de interiores, artistas y decoradores de todo el mundo, como herramienta para dar forma a su creatividad e impulsar la innovaci\u00f3n arquitect\u00f3nica, dotando a los espacios de dise\u00f1os singulares, a trav\u00e9s de elementos decorativos [&hellip;]","og_url":"https:\/\/castrocomposites.com\/en\/art-decoration-industry\/","og_site_name":"Castro Composites","article_publisher":"https:\/\/www.facebook.com\/castrocomposites\/","article_modified_time":"2022-07-01T08:05:42+00:00","og_image":[{"url":"http:\/\/castrocomposites.com\/wp-content\/uploads\/2022\/06\/Sector_Arte_y_Decoracion-VTiYwehs.jpg","type":"","width":"","height":""}],"twitter_card":"summary_large_image","twitter_site":"@castrocomposite","twitter_misc":{"Estimated reading time":"1 minute"},"schema":{"@context":"https:\/\/schema.org","@graph":[{"@type":"WebPage","@id":"https:\/\/castrocomposites.com\/industria-arte-y-decoracion\/","url":"https:\/\/castrocomposites.com\/industria-arte-y-decoracion\/","name":"Industria Arte y Decoraci\u00f3n | Castro Composites","isPartOf":{"@id":"https:\/\/castrocomposites.com\/#website"},"primaryImageOfPage":{"@id":"https:\/\/castrocomposites.com\/industria-arte-y-decoracion\/#primaryimage"},"image":{"@id":"https:\/\/castrocomposites.com\/industria-arte-y-decoracion\/#primaryimage"},"thumbnailUrl":"http:\/\/castrocomposites.com\/wp-content\/uploads\/2022\/06\/Sector_Arte_y_Decoracion-VTiYwehs.jpg","datePublished":"2022-06-30T12:18:25+00:00","dateModified":"2022-07-01T08:05:42+00:00","breadcrumb":{"@id":"https:\/\/castrocomposites.com\/industria-arte-y-decoracion\/#breadcrumb"},"inLanguage":"en-GB","potentialAction":[{"@type":"ReadAction","target":["https:\/\/castrocomposites.com\/industria-arte-y-decoracion\/"]}]},{"@type":"ImageObject","inLanguage":"en-GB","@id":"https:\/\/castrocomposites.com\/industria-arte-y-decoracion\/#primaryimage","url":"http:\/\/castrocomposites.com\/wp-content\/uploads\/2022\/06\/Sector_Arte_y_Decoracion-VTiYwehs.jpg","contentUrl":"http:\/\/castrocomposites.com\/wp-content\/uploads\/2022\/06\/Sector_Arte_y_Decoracion-VTiYwehs.jpg"},{"@type":"BreadcrumbList","@id":"https:\/\/castrocomposites.com\/industria-arte-y-decoracion\/#breadcrumb","itemListElement":[{"@type":"ListItem","position":1,"name":"Home","item":"https:\/\/castrocomposites.com\/"},{"@type":"ListItem","position":2,"name":"Industria Arte y Decoraci\u00f3n"}]},{"@type":"WebSite","@id":"https:\/\/castrocomposites.com\/#website","url":"https:\/\/castrocomposites.com\/","name":"Castro Composites","description":"","publisher":{"@id":"https:\/\/castrocomposites.com\/#organization"},"potentialAction":[{"@type":"SearchAction","target":{"@type":"EntryPoint","urlTemplate":"https:\/\/castrocomposites.com\/?s={search_term_string}"},"query-input":{"@type":"PropertyValueSpecification","valueRequired":true,"valueName":"search_term_string"}}],"inLanguage":"en-GB"},{"@type":"Organization","@id":"https:\/\/castrocomposites.com\/#organization","name":"Castro Composites","url":"https:\/\/castrocomposites.com\/","logo":{"@type":"ImageObject","inLanguage":"en-GB","@id":"https:\/\/castrocomposites.com\/#\/schema\/logo\/image\/","url":"http:\/\/castrocomposites.com\/wp-content\/uploads\/2022\/06\/castro-composites-logo-ld.png","contentUrl":"http:\/\/castrocomposites.com\/wp-content\/uploads\/2022\/06\/castro-composites-logo-ld.png","width":208,"height":54,"caption":"Castro Composites"},"image":{"@id":"https:\/\/castrocomposites.com\/#\/schema\/logo\/image\/"},"sameAs":["https:\/\/www.facebook.com\/castrocomposites\/","https:\/\/x.com\/castrocomposite","https:\/\/instagram.com\/castro.composites","https:\/\/www.linkedin.com\/company\/castro-composites\/"]}]}},"_links":{"self":[{"href":"https:\/\/castrocomposites.com\/en\/wp-json\/wp\/v2\/pages\/3111","targetHints":{"allow":["GET"]}}],"collection":[{"href":"https:\/\/castrocomposites.com\/en\/wp-json\/wp\/v2\/pages"}],"about":[{"href":"https:\/\/castrocomposites.com\/en\/wp-json\/wp\/v2\/types\/page"}],"author":[{"embeddable":true,"href":"https:\/\/castrocomposites.com\/en\/wp-json\/wp\/v2\/users\/1"}],"replies":[{"embeddable":true,"href":"https:\/\/castrocomposites.com\/en\/wp-json\/wp\/v2\/comments?post=3111"}],"version-history":[{"count":0,"href":"https:\/\/castrocomposites.com\/en\/wp-json\/wp\/v2\/pages\/3111\/revisions"}],"wp:attachment":[{"href":"https:\/\/castrocomposites.com\/en\/wp-json\/wp\/v2\/media?parent=3111"}],"curies":[{"name":"wp","href":"https:\/\/api.w.org\/{rel}","templated":true}]}}