{"id":848,"date":"2022-05-24T08:57:29","date_gmt":"2022-05-24T08:57:29","guid":{"rendered":"https:\/\/castrocomposites.com\/aviso-legal\/"},"modified":"2022-09-18T02:18:52","modified_gmt":"2022-09-18T00:18:52","slug":"legal-notice","status":"publish","type":"page","link":"https:\/\/castrocomposites.com\/en\/avisolegal\/","title":{"rendered":"Legal Notice"},"content":{"rendered":"<div data-elementor-type=\"wp-page\" data-elementor-id=\"848\" class=\"elementor elementor-848\" data-elementor-post-type=\"page\">\n\t\t\t\t\t\t<section class=\"elementor-section elementor-top-section elementor-element elementor-element-1a936e9 elementor-section-boxed elementor-section-height-default elementor-section-height-default\" data-id=\"1a936e9\" data-element_type=\"section\" data-e-type=\"section\">\n\t\t\t\t\t\t<div class=\"elementor-container elementor-column-gap-default\">\n\t\t\t\t\t<div class=\"elementor-column elementor-col-100 elementor-top-column elementor-element elementor-element-de06a29\" data-id=\"de06a29\" data-element_type=\"column\" data-e-type=\"column\">\n\t\t\t<div class=\"elementor-widget-wrap elementor-element-populated\">\n\t\t\t\t\t\t<div class=\"elementor-element elementor-element-17d2ffb elementor-widget elementor-widget-text-editor\" data-id=\"17d2ffb\" data-element_type=\"widget\" data-e-type=\"widget\" data-widget_type=\"text-editor.default\">\n\t\t\t\t<div class=\"elementor-widget-container\">\n\t\t\t\t\t\t\t\t\t<h2>Identificaci\u00f3n y Titularidad<\/h2><p>En cumplimiento del art\u00edculo 10 de la Ley 34\/2002, de 11 de julio, de Servicios de la Sociedad de la Informaci\u00f3n y Comercio Electr\u00f3nico, el Titular expone sus datos identificativos:<\/p><p>\u00a0<\/p><ul><li><b>Titular:<\/b>\u00a0 Resinas Castro S. L..<\/li><li><b>NIF:<\/b>\u00a0B-36640811<br \/>Registered in the commercial register of Pontevedra, volume 473, book 473, section 8, folio 175, page 5533, entry 11.<\/li><li><b>Domicilio:<\/b>\u00a0 Pol\u00edgono Industrial A Granxa, 3\u00aa paralela, C\/ C C\u00edes 190, Pontevedra &#8211; Espa\u00f1a.<\/li><li><b>Correo electr\u00f3nico:<\/b>\u00a0 admon@resinascastro.com<\/li><li><b>Tel\u00e9fono de contacto:<\/b>\u00a0 +34 986 34 29 53<\/li><li><b>Sitio Web:<\/b>\u00a0\u00a0<a href=\"https:\/\/castrocomposites.com\/en\/\">https:\/\/castrocomposites.com<\/a><\/li><\/ul><p>\u00a0<\/p><h2>Finalidad<\/h2><p>La finalidad del Sitio Web es: Comercio al por mayor de productos qu\u00edmicos..<\/p><h2>Condiciones de Uso<\/h2><p>La utilizaci\u00f3n del Sitio Web le otorga la condici\u00f3n de Usuario, e implica la aceptaci\u00f3n completa de todas las cl\u00e1usulas y condiciones de uso incluidas en las p\u00e1ginas:<\/p><ul><li><a href=\"https:\/\/castrocomposites.com\/en\/legal-notice\/\">Legal Notice<\/a><\/li><li><a href=\"https:\/\/castrocomposites.com\/en\/privacy-policy\/\">Privacy Policy<\/a><\/li><li><a href=\"https:\/\/castrocomposites.com\/en\/cookies-policy\/\">Cookie Policy<\/a><\/li><\/ul><p>\u00a0<\/p><p>Si no estuviera conforme con todas y cada una de estas cl\u00e1usulas y condiciones abst\u00e9ngase de utilizar el Sitio Web.<\/p><p>El acceso al Sitio Web no supone, en modo alguno, el inicio de una relaci\u00f3n comercial con el Titular.<\/p><p>A trav\u00e9s del Sitio Web, el Titular le facilita el acceso y la utilizaci\u00f3n de diversos contenidos que el Titular y\/o sus colaboradores han publicado por medio de Internet.<\/p><p>A tal efecto, est\u00e1 obligado y comprometido a NO utilizar cualquiera de los contenidos del Sitio Web con fines o efectos il\u00edcitos, prohibidos en este Aviso Legal o por la legislaci\u00f3n vigente, lesivos de los derechos e intereses de terceros, o que de cualquier forma puedan da\u00f1ar, inutilizar, sobrecargar, deteriorar o impedir la normal utilizaci\u00f3n de los contenidos, los equipos inform\u00e1ticos o los documentos, archivos y toda clase de contenidos almacenados en cualquier equipo inform\u00e1tico propios o contratados por el Titular, de otros usuarios o de cualquier usuario de Internet.<\/p><p>El Titular se reserva el derecho de retirar todos aquellos comentarios que vulneren la legislaci\u00f3n vigente, lesivos de los derechos o intereses de terceros, o que, a su juicio, no resulten adecuados para su publicaci\u00f3n.<\/p><p>El Titular no ser\u00e1 responsable de las opiniones vertidas por los usuarios a trav\u00e9s del sistema de comentarios, redes sociales u otras herramientas de participaci\u00f3n, conforme a lo previsto en la normativa de aplicaci\u00f3n.<\/p><h2>Medidas de seguridad<\/h2><p>Los datos personales que facilite al Titular pueden ser almacenados en bases de datos automatizadas o no, cuya titularidad corresponde en exclusiva al Titular, que asume todas las medidas de \u00edndole t\u00e9cnica, organizativa y de seguridad que garantizan la confidencialidad, integridad y calidad de la informaci\u00f3n contenida en las mismas de acuerdo con lo establecido en la normativa vigente en protecci\u00f3n de datos.<\/p><p>No obstante, debe ser consciente de que las medidas de seguridad de los sistemas inform\u00e1ticos en Internet no son enteramente fiables y que, por tanto el Titular no puede garantizar la inexistencia de virus u otros elementos que puedan producir alteraciones en los sistemas inform\u00e1ticos (software y hardware) del Usuario o en sus documentos electr\u00f3nicos y ficheros contenidos en los mismos aunque el Titular pone todos los medios necesarios y toma las medidas de seguridad oportunas para evitar la presencia de estos elementos da\u00f1inos.<\/p><h2>Tratamiento de Datos Personales<\/h2><p>Puede consultar toda la informaci\u00f3n relativa al tratamiento de datos personales que recoge el Titular en la p\u00e1gina de\u00a0<a href=\"https:\/\/castrocomposites.com\/en\/privacy-policy\/\">Privacy Policy<\/a>.<\/p><h2>Contenidos<\/h2><p>El Titular ha obtenido la informaci\u00f3n, el contenido multimedia y los materiales incluidos en el Sitio Web de fuentes que considera fiables, pero, si bien ha tomado todas las medidas razonables para asegurar que la informaci\u00f3n contenida es correcta, el Titular no garantiza que sea exacta, completa o actualizada. El Titular declina expresamente cualquier responsabilidad por error u omisi\u00f3n en la informaci\u00f3n contenida en las p\u00e1ginas del Sitio Web.<\/p><p>Queda prohibido transmitir o enviar a trav\u00e9s del Sitio Web cualquier contenido ilegal o il\u00edcito, virus inform\u00e1ticos, o mensajes que, en general, afecten o violen derechos del Titular o de terceros.<\/p><p>Los contenidos del Sitio Web tienen \u00fanicamente una finalidad informativa y bajo ninguna circunstancia deben usarse ni considerarse como oferta de venta, solicitud de una oferta de compra ni recomendaci\u00f3n para realizar cualquier otra operaci\u00f3n, salvo que as\u00ed se indique expresamente.<\/p><p>El Titular se reserva el derecho a modificar, suspender, cancelar o restringir el contenido del Sitio Web, los v\u00ednculos o la informaci\u00f3n obtenida a trav\u00e9s del Sitio Web, sin necesidad de previo aviso.<\/p><p>El Titular\u00a0no es responsable de los da\u00f1os y perjuicios que pudieran derivarse de la utilizaci\u00f3n de la informaci\u00f3n del Sitio Web o de la contenida en las redes sociales del Titular.<\/p><h2>Cookies policy<\/h2><p>Puede consultar toda la informaci\u00f3n relativa a la pol\u00edtica de recogida y tratamiento de las cookies en la p\u00e1gina de\u00a0<a href=\"https:\/\/castrocomposites.com\/en\/cookies-policy\/\">Cookie Policy<\/a>.<\/p><h2>Enlaces a otros sitios Web<\/h2><p>El Titular puede proporcionarle acceso a sitios Web de terceros mediante enlaces con la finalidad exclusiva de informar sobre la existencia de otras fuentes de informaci\u00f3n en Internet en las que podr\u00e1 ampliar los datos ofrecidos en el Sitio Web.<\/p><p>Estos enlaces a otros sitios Web no suponen en ning\u00fan caso una sugerencia o recomendaci\u00f3n para que usted visite las p\u00e1ginas web de destino, que est\u00e1n fuera del control del Titular, por lo que el Titular no es responsable del contenido de los sitios web vinculados ni del resultado que obtenga al seguir los enlaces. Asimismo, el Titular no responde de los links o enlaces ubicados en los sitios web vinculados a los que le proporciona acceso.<\/p><p>El establecimiento del enlace no implica en ning\u00fan caso la existencia de relaciones entre el Titular y el propietario del sitio en el que se establezca el enlace, ni la aceptaci\u00f3n o aprobaci\u00f3n por parte del Titular de sus contenidos o servicios.<\/p><p>Si accede a un sitio web externo desde un enlace que encuentre en el Sitio Web usted deber\u00e1 leer la propia pol\u00edtica de privacidad del otro sitio web que puede ser diferente de la de este sitio Web.<\/p><h2>Propiedad intelectual e industrial<\/h2><p>Todos los derechos est\u00e1n reservados.<\/p><p>Todo acceso a este Sitio Web est\u00e1 sujeto a las siguientes condiciones: la reproducci\u00f3n, almacenaje permanente y la difusi\u00f3n de los contenidos o cualquier otro uso que tenga finalidad p\u00fablica o comercial queda expresamente prohibida sin el consentimiento previo expreso y por escrito del Titular.<\/p><h2>Limitaci\u00f3n de responsabilidad<\/h2><p>La informaci\u00f3n y servicios incluidos o disponibles a trav\u00e9s del Sitio Web pueden incluir incorrecciones o errores tipogr\u00e1ficos. De forma peri\u00f3dica el Titular incorpora mejoras y\/o cambios a la informaci\u00f3n contenida y\/o los Servicios que puede introducir en cualquier momento.<\/p><p>El Titular no declara ni garantiza que los servicios o contenidos sean interrumpidos o que est\u00e9n libres de errores, que los defectos sean corregidos, o que el servicio o el servidor que lo pone a disposici\u00f3n est\u00e9n libres de virus u otros componentes nocivos sin perjuicio de que el Titular realiza todos los esfuerzos en evitar este tipo de incidentes.<\/p><p>El Titular declina cualquier responsabilidad en caso de que existan interrupciones o un mal funcionamiento de los Servicios o contenidos ofrecidos en Internet, cualquiera que sea su causa. Asimismo, el Titular no se hace responsable por ca\u00eddas de la red, p\u00e9rdidas de negocio a consecuencia de dichas ca\u00eddas, suspensiones temporales de fluido el\u00e9ctrico o cualquier otro tipo de da\u00f1o indirecto que te pueda ser causado por causas ajenas a el Titular.<\/p><p>Antes de tomar decisiones y\/o acciones con base a la informaci\u00f3n incluida en el Sitio Web, el Titular le recomienda comprobar y contrastar la informaci\u00f3n recibida con otras fuentes.<\/p><h2>Derecho de exclusi\u00f3n<\/h2><p>El Titular se reserva el derecho a denegar o retirar el acceso al Sitio Web y los servicios ofrecidos sin necesidad de preaviso, a instancia propia o de un tercero, a aquellos usuarios que incumplan cualquiera de las condiciones de este Aviso Legal.<\/p><h2>Jurisdicci\u00f3n<\/h2><p>Este Aviso Legal se rige \u00edntegramente por la legislaci\u00f3n espa\u00f1ola.<\/p><p>Siempre que no haya una norma que obligue a otra cosa, para cuantas cuestiones se susciten sobre la interpretaci\u00f3n, aplicaci\u00f3n y cumplimiento de este Aviso Legal, as\u00ed como de las reclamaciones que puedan derivarse de su uso, las partes acuerdan someterse a los Jueces y Tribunales de la provincia de Pontevedra, con renuncia expresa de cualquier otra jurisdicci\u00f3n que pudiera corresponderles.<\/p><h2>Contact<\/h2><p>En caso de que usted tenga cualquier duda acerca de este Aviso Legal o quiera realizar cualquier comentario sobre el Sitio Web, puede enviar un mensaje de correo electr\u00f3nico a la direcci\u00f3n: admon@resinascastro.com<\/p>\t\t\t\t\t\t\t\t<\/div>\n\t\t\t\t<\/div>\n\t\t\t\t\t<\/div>\n\t\t<\/div>\n\t\t\t\t\t<\/div>\n\t\t<\/section>\n\t\t\t\t<\/div>","protected":false},"excerpt":{"rendered":"<p>Identificaci\u00f3n y Titularidad En cumplimiento del art\u00edculo 10 de la Ley 34\/2002, de 11 de julio, de Servicios de la Sociedad de la Informaci\u00f3n y Comercio Electr\u00f3nico, el Titular expone sus datos identificativos: \u00a0 Titular:\u00a0 Resinas Castro S. L.. NIF:\u00a0B-36640811Inscrita en el registro mercantil de Pontevedra, tomo 473, libro 473, secci\u00f3n 8, folio 175, hoja [&hellip;]<\/p>\n","protected":false},"author":1,"featured_media":0,"parent":0,"menu_order":0,"comment_status":"closed","ping_status":"closed","template":"elementor_header_footer","meta":{"site-sidebar-layout":"no-sidebar","site-content-layout":"plain-container","ast-site-content-layout":"default","site-content-style":"default","site-sidebar-style":"default","ast-global-header-display":"","ast-banner-title-visibility":"","ast-main-header-display":"","ast-hfb-above-header-display":"","ast-hfb-below-header-display":"","ast-hfb-mobile-header-display":"","site-post-title":"disabled","ast-breadcrumbs-content":"","ast-featured-img":"disabled","footer-sml-layout":"","ast-disable-related-posts":"","theme-transparent-header-meta":"","adv-header-id-meta":"","stick-header-meta":"","header-above-stick-meta":"","header-main-stick-meta":"","header-below-stick-meta":"","astra-migrate-meta-layouts":"default","ast-page-background-enabled":"default","ast-page-background-meta":{"desktop":{"background-color":"var(--ast-global-color-4)","background-image":"","background-repeat":"repeat","background-position":"center center","background-size":"auto","background-attachment":"scroll","background-type":"","background-media":"","overlay-type":"","overlay-color":"","overlay-opacity":"","overlay-gradient":""},"tablet":{"background-color":"","background-image":"","background-repeat":"repeat","background-position":"center center","background-size":"auto","background-attachment":"scroll","background-type":"","background-media":"","overlay-type":"","overlay-color":"","overlay-opacity":"","overlay-gradient":""},"mobile":{"background-color":"","background-image":"","background-repeat":"repeat","background-position":"center center","background-size":"auto","background-attachment":"scroll","background-type":"","background-media":"","overlay-type":"","overlay-color":"","overlay-opacity":"","overlay-gradient":""}},"ast-content-background-meta":{"desktop":{"background-color":"var(--ast-global-color-5)","background-image":"","background-repeat":"repeat","background-position":"center center","background-size":"auto","background-attachment":"scroll","background-type":"","background-media":"","overlay-type":"","overlay-color":"","overlay-opacity":"","overlay-gradient":""},"tablet":{"background-color":"var(--ast-global-color-5)","background-image":"","background-repeat":"repeat","background-position":"center center","background-size":"auto","background-attachment":"scroll","background-type":"","background-media":"","overlay-type":"","overlay-color":"","overlay-opacity":"","overlay-gradient":""},"mobile":{"background-color":"var(--ast-global-color-5)","background-image":"","background-repeat":"repeat","background-position":"center center","background-size":"auto","background-attachment":"scroll","background-type":"","background-media":"","overlay-type":"","overlay-color":"","overlay-opacity":"","overlay-gradient":""}},"footnotes":""},"class_list":["post-848","page","type-page","status-publish","hentry"],"yoast_head":"<!-- This site is optimized with the Yoast SEO plugin v27.2 - https:\/\/yoast.com\/product\/yoast-seo-wordpress\/ -->\n<title>Aviso Legal | Castro Composites<\/title>\n<meta name=\"robots\" content=\"index, follow, max-snippet:-1, max-image-preview:large, max-video-preview:-1\" \/>\n<link rel=\"canonical\" href=\"https:\/\/castrocomposites.com\/en\/legal-notice\/\" \/>\n<meta property=\"og:locale\" content=\"en_GB\" \/>\n<meta property=\"og:type\" content=\"article\" \/>\n<meta property=\"og:title\" content=\"Aviso Legal | Castro Composites\" \/>\n<meta property=\"og:description\" content=\"Identificaci\u00f3n y Titularidad En cumplimiento del art\u00edculo 10 de la Ley 34\/2002, de 11 de julio, de Servicios de la Sociedad de la Informaci\u00f3n y Comercio Electr\u00f3nico, el Titular expone sus datos identificativos: \u00a0 Titular:\u00a0 Resinas Castro S. L.. NIF:\u00a0B-36640811Inscrita en el registro mercantil de Pontevedra, tomo 473, libro 473, secci\u00f3n 8, folio 175, hoja [&hellip;]\" \/>\n<meta property=\"og:url\" content=\"https:\/\/castrocomposites.com\/en\/legal-notice\/\" \/>\n<meta property=\"og:site_name\" content=\"Castro Composites\" \/>\n<meta property=\"article:publisher\" content=\"https:\/\/www.facebook.com\/castrocomposites\/\" \/>\n<meta property=\"article:modified_time\" content=\"2022-09-18T00:18:52+00:00\" \/>\n<meta name=\"twitter:card\" content=\"summary_large_image\" \/>\n<meta name=\"twitter:site\" content=\"@castrocomposite\" \/>\n<meta name=\"twitter:label1\" content=\"Estimated reading time\" \/>\n\t<meta name=\"twitter:data1\" content=\"7 minutes\" \/>\n<script type=\"application\/ld+json\" class=\"yoast-schema-graph\">{\"@context\":\"https:\/\/schema.org\",\"@graph\":[{\"@type\":\"WebPage\",\"@id\":\"https:\/\/castrocomposites.com\/avisolegal\/\",\"url\":\"https:\/\/castrocomposites.com\/avisolegal\/\",\"name\":\"Aviso Legal | Castro Composites\",\"isPartOf\":{\"@id\":\"https:\/\/castrocomposites.com\/#website\"},\"datePublished\":\"2022-05-24T08:57:29+00:00\",\"dateModified\":\"2022-09-18T00:18:52+00:00\",\"breadcrumb\":{\"@id\":\"https:\/\/castrocomposites.com\/avisolegal\/#breadcrumb\"},\"inLanguage\":\"en-GB\",\"potentialAction\":[{\"@type\":\"ReadAction\",\"target\":[\"https:\/\/castrocomposites.com\/avisolegal\/\"]}]},{\"@type\":\"BreadcrumbList\",\"@id\":\"https:\/\/castrocomposites.com\/avisolegal\/#breadcrumb\",\"itemListElement\":[{\"@type\":\"ListItem\",\"position\":1,\"name\":\"Home\",\"item\":\"https:\/\/castrocomposites.com\/\"},{\"@type\":\"ListItem\",\"position\":2,\"name\":\"Aviso Legal\"}]},{\"@type\":\"WebSite\",\"@id\":\"https:\/\/castrocomposites.com\/#website\",\"url\":\"https:\/\/castrocomposites.com\/\",\"name\":\"Castro Composites\",\"description\":\"\",\"publisher\":{\"@id\":\"https:\/\/castrocomposites.com\/#organization\"},\"potentialAction\":[{\"@type\":\"SearchAction\",\"target\":{\"@type\":\"EntryPoint\",\"urlTemplate\":\"https:\/\/castrocomposites.com\/?s={search_term_string}\"},\"query-input\":{\"@type\":\"PropertyValueSpecification\",\"valueRequired\":true,\"valueName\":\"search_term_string\"}}],\"inLanguage\":\"en-GB\"},{\"@type\":\"Organization\",\"@id\":\"https:\/\/castrocomposites.com\/#organization\",\"name\":\"Castro Composites\",\"url\":\"https:\/\/castrocomposites.com\/\",\"logo\":{\"@type\":\"ImageObject\",\"inLanguage\":\"en-GB\",\"@id\":\"https:\/\/castrocomposites.com\/#\/schema\/logo\/image\/\",\"url\":\"http:\/\/castrocomposites.com\/wp-content\/uploads\/2022\/06\/castro-composites-logo-ld.png\",\"contentUrl\":\"http:\/\/castrocomposites.com\/wp-content\/uploads\/2022\/06\/castro-composites-logo-ld.png\",\"width\":208,\"height\":54,\"caption\":\"Castro Composites\"},\"image\":{\"@id\":\"https:\/\/castrocomposites.com\/#\/schema\/logo\/image\/\"},\"sameAs\":[\"https:\/\/www.facebook.com\/castrocomposites\/\",\"https:\/\/x.com\/castrocomposite\",\"https:\/\/instagram.com\/castro.composites\",\"https:\/\/www.linkedin.com\/company\/castro-composites\/\"]}]}<\/script>\n<!-- \/ Yoast SEO plugin. -->","yoast_head_json":{"title":"Aviso Legal | Castro Composites","robots":{"index":"index","follow":"follow","max-snippet":"max-snippet:-1","max-image-preview":"max-image-preview:large","max-video-preview":"max-video-preview:-1"},"canonical":"https:\/\/castrocomposites.com\/en\/legal-notice\/","og_locale":"en_GB","og_type":"article","og_title":"Aviso Legal | Castro Composites","og_description":"Identificaci\u00f3n y Titularidad En cumplimiento del art\u00edculo 10 de la Ley 34\/2002, de 11 de julio, de Servicios de la Sociedad de la Informaci\u00f3n y Comercio Electr\u00f3nico, el Titular expone sus datos identificativos: \u00a0 Titular:\u00a0 Resinas Castro S. L.. NIF:\u00a0B-36640811Inscrita en el registro mercantil de Pontevedra, tomo 473, libro 473, secci\u00f3n 8, folio 175, hoja [&hellip;]","og_url":"https:\/\/castrocomposites.com\/en\/legal-notice\/","og_site_name":"Castro Composites","article_publisher":"https:\/\/www.facebook.com\/castrocomposites\/","article_modified_time":"2022-09-18T00:18:52+00:00","twitter_card":"summary_large_image","twitter_site":"@castrocomposite","twitter_misc":{"Estimated reading time":"7 minutes"},"schema":{"@context":"https:\/\/schema.org","@graph":[{"@type":"WebPage","@id":"https:\/\/castrocomposites.com\/avisolegal\/","url":"https:\/\/castrocomposites.com\/avisolegal\/","name":"Aviso Legal | Castro Composites","isPartOf":{"@id":"https:\/\/castrocomposites.com\/#website"},"datePublished":"2022-05-24T08:57:29+00:00","dateModified":"2022-09-18T00:18:52+00:00","breadcrumb":{"@id":"https:\/\/castrocomposites.com\/avisolegal\/#breadcrumb"},"inLanguage":"en-GB","potentialAction":[{"@type":"ReadAction","target":["https:\/\/castrocomposites.com\/avisolegal\/"]}]},{"@type":"BreadcrumbList","@id":"https:\/\/castrocomposites.com\/avisolegal\/#breadcrumb","itemListElement":[{"@type":"ListItem","position":1,"name":"Home","item":"https:\/\/castrocomposites.com\/"},{"@type":"ListItem","position":2,"name":"Aviso Legal"}]},{"@type":"WebSite","@id":"https:\/\/castrocomposites.com\/#website","url":"https:\/\/castrocomposites.com\/","name":"Castro Composites","description":"","publisher":{"@id":"https:\/\/castrocomposites.com\/#organization"},"potentialAction":[{"@type":"SearchAction","target":{"@type":"EntryPoint","urlTemplate":"https:\/\/castrocomposites.com\/?s={search_term_string}"},"query-input":{"@type":"PropertyValueSpecification","valueRequired":true,"valueName":"search_term_string"}}],"inLanguage":"en-GB"},{"@type":"Organization","@id":"https:\/\/castrocomposites.com\/#organization","name":"Castro Composites","url":"https:\/\/castrocomposites.com\/","logo":{"@type":"ImageObject","inLanguage":"en-GB","@id":"https:\/\/castrocomposites.com\/#\/schema\/logo\/image\/","url":"http:\/\/castrocomposites.com\/wp-content\/uploads\/2022\/06\/castro-composites-logo-ld.png","contentUrl":"http:\/\/castrocomposites.com\/wp-content\/uploads\/2022\/06\/castro-composites-logo-ld.png","width":208,"height":54,"caption":"Castro Composites"},"image":{"@id":"https:\/\/castrocomposites.com\/#\/schema\/logo\/image\/"},"sameAs":["https:\/\/www.facebook.com\/castrocomposites\/","https:\/\/x.com\/castrocomposite","https:\/\/instagram.com\/castro.composites","https:\/\/www.linkedin.com\/company\/castro-composites\/"]}]}},"_links":{"self":[{"href":"https:\/\/castrocomposites.com\/en\/wp-json\/wp\/v2\/pages\/848","targetHints":{"allow":["GET"]}}],"collection":[{"href":"https:\/\/castrocomposites.com\/en\/wp-json\/wp\/v2\/pages"}],"about":[{"href":"https:\/\/castrocomposites.com\/en\/wp-json\/wp\/v2\/types\/page"}],"author":[{"embeddable":true,"href":"https:\/\/castrocomposites.com\/en\/wp-json\/wp\/v2\/users\/1"}],"replies":[{"embeddable":true,"href":"https:\/\/castrocomposites.com\/en\/wp-json\/wp\/v2\/comments?post=848"}],"version-history":[{"count":0,"href":"https:\/\/castrocomposites.com\/en\/wp-json\/wp\/v2\/pages\/848\/revisions"}],"wp:attachment":[{"href":"https:\/\/castrocomposites.com\/en\/wp-json\/wp\/v2\/media?parent=848"}],"curies":[{"name":"wp","href":"https:\/\/api.w.org\/{rel}","templated":true}]}}